{"id":9,"date":"2025-03-18T17:31:11","date_gmt":"2025-03-18T17:31:11","guid":{"rendered":"https:\/\/skateandtech.com\/?page_id=9"},"modified":"2025-04-24T15:14:18","modified_gmt":"2025-04-24T15:14:18","slug":"home","status":"publish","type":"page","link":"https:\/\/skateandtech.com\/","title":{"rendered":"Home"},"content":{"rendered":"\t\t<div data-elementor-type=\"wp-page\" data-elementor-id=\"9\" class=\"elementor elementor-9\" data-elementor-post-type=\"page\">\n\t\t\t\t<div class=\"elementor-element elementor-element-4786872f e-con-full e-flex e-con e-parent\" data-id=\"4786872f\" data-element_type=\"container\" id=\"hero\" data-settings=\"{&quot;background_background&quot;:&quot;classic&quot;}\">\n\t\t\t\t<div class=\"elementor-element elementor-element-e692a13 elementor-widget elementor-widget-image\" data-id=\"e692a13\" data-element_type=\"widget\" data-widget_type=\"image.default\">\n\t\t\t\t<div class=\"elementor-widget-container\">\n\t\t\t\t\t\t\t\t\t\t\t\t\t\t\t<img fetchpriority=\"high\" decoding=\"async\" width=\"800\" height=\"250\" src=\"https:\/\/skateandtech.com\/wp-content\/uploads\/2025\/03\/BANNER-1024x320.jpg\" class=\"attachment-large size-large wp-image-41\" alt=\"\" srcset=\"https:\/\/skateandtech.com\/wp-content\/uploads\/2025\/03\/BANNER-1024x320.jpg 1024w, https:\/\/skateandtech.com\/wp-content\/uploads\/2025\/03\/BANNER-300x94.jpg 300w, https:\/\/skateandtech.com\/wp-content\/uploads\/2025\/03\/BANNER-768x240.jpg 768w, https:\/\/skateandtech.com\/wp-content\/uploads\/2025\/03\/BANNER-1536x480.jpg 1536w, https:\/\/skateandtech.com\/wp-content\/uploads\/2025\/03\/BANNER.jpg 1920w\" sizes=\"(max-width: 800px) 100vw, 800px\" \/>\t\t\t\t\t\t\t\t\t\t\t\t\t\t\t<\/div>\n\t\t\t\t<\/div>\n\t\t\t\t<\/div>\n\t\t<div class=\"elementor-element elementor-element-17aef455 e-flex e-con-boxed e-con e-parent\" data-id=\"17aef455\" data-element_type=\"container\" id=\"nosotros\">\n\t\t\t\t\t<div class=\"e-con-inner\">\n\t\t<div class=\"elementor-element elementor-element-78792dab e-con-full e-flex e-con e-child\" data-id=\"78792dab\" data-element_type=\"container\">\n\t\t\t\t<div class=\"elementor-element elementor-element-237bf03a elementor-widget elementor-widget-image\" data-id=\"237bf03a\" data-element_type=\"widget\" data-widget_type=\"image.default\">\n\t\t\t\t<div class=\"elementor-widget-container\">\n\t\t\t\t\t\t\t\t\t\t\t\t\t\t\t<img decoding=\"async\" width=\"800\" height=\"800\" src=\"https:\/\/skateandtech.com\/wp-content\/uploads\/2025\/03\/800x800.jpg\" class=\"attachment-large size-large wp-image-42\" alt=\"\" srcset=\"https:\/\/skateandtech.com\/wp-content\/uploads\/2025\/03\/800x800.jpg 800w, https:\/\/skateandtech.com\/wp-content\/uploads\/2025\/03\/800x800-300x300.jpg 300w, https:\/\/skateandtech.com\/wp-content\/uploads\/2025\/03\/800x800-150x150.jpg 150w, https:\/\/skateandtech.com\/wp-content\/uploads\/2025\/03\/800x800-768x768.jpg 768w\" sizes=\"(max-width: 800px) 100vw, 800px\" \/>\t\t\t\t\t\t\t\t\t\t\t\t\t\t\t<\/div>\n\t\t\t\t<\/div>\n\t\t\t\t<\/div>\n\t\t<div class=\"elementor-element elementor-element-5a5f7562 e-con-full e-flex e-con e-child\" data-id=\"5a5f7562\" data-element_type=\"container\">\n\t\t\t\t<div class=\"elementor-element elementor-element-16845544 elementor-widget elementor-widget-heading\" data-id=\"16845544\" data-element_type=\"widget\" data-widget_type=\"heading.default\">\n\t\t\t\t<div class=\"elementor-widget-container\">\n\t\t\t\t\t<h3 class=\"elementor-heading-title elementor-size-default\">Sobre nosotros<\/h3>\t\t\t\t<\/div>\n\t\t\t\t<\/div>\n\t\t\t\t<div class=\"elementor-element elementor-element-6c18671c elementor-widget elementor-widget-text-editor\" data-id=\"6c18671c\" data-element_type=\"widget\" data-widget_type=\"text-editor.default\">\n\t\t\t\t<div class=\"elementor-widget-container\">\n\t\t\t\t\t\t\t\t\t<p>En Digital Skate &amp; Tech Skills, nos especializamos en ofrecer plataformas tecnol\u00f3gicas de intermediaci\u00f3n para la compra y venta de bienes y servicios en l\u00ednea. A trav\u00e9s de nuestras soluciones digitales, facilitamos transacciones seguras, \u00e1giles y accesibles, permitiendo a los usuarios comercializar con confianza en un entorno optimizado por la tecnolog\u00eda.<\/p>\t\t\t\t\t\t\t\t<\/div>\n\t\t\t\t<\/div>\n\t\t\t\t<\/div>\n\t\t\t\t\t<\/div>\n\t\t\t\t<\/div>\n\t\t<div class=\"elementor-element elementor-element-2b16231 e-flex e-con-boxed e-con e-parent\" data-id=\"2b16231\" data-element_type=\"container\" id=\"servicios\">\n\t\t\t\t\t<div class=\"e-con-inner\">\n\t\t\t\t<div class=\"elementor-element elementor-element-45e8f10 elementor-widget elementor-widget-heading\" data-id=\"45e8f10\" data-element_type=\"widget\" data-widget_type=\"heading.default\">\n\t\t\t\t<div class=\"elementor-widget-container\">\n\t\t\t\t\t<h2 class=\"elementor-heading-title elementor-size-default\">Nuestros Servicios<\/h2>\t\t\t\t<\/div>\n\t\t\t\t<\/div>\n\t\t\t\t\t<\/div>\n\t\t\t\t<\/div>\n\t\t<div class=\"elementor-element elementor-element-dab020d e-flex e-con-boxed e-con e-parent\" data-id=\"dab020d\" data-element_type=\"container\">\n\t\t\t\t\t<div class=\"e-con-inner\">\n\t\t\t\t<div class=\"elementor-element elementor-element-e9e73e3 elementor-widget elementor-widget-heading\" data-id=\"e9e73e3\" data-element_type=\"widget\" data-widget_type=\"heading.default\">\n\t\t\t\t<div class=\"elementor-widget-container\">\n\t\t\t\t\t<h2 class=\"elementor-heading-title elementor-size-default\">Intermediaci\u00f3n en Comercio Electr\u00f3nico<\/h2>\t\t\t\t<\/div>\n\t\t\t\t<\/div>\n\t\t\t\t<div class=\"elementor-element elementor-element-e34ce75 elementor-widget elementor-widget-text-editor\" data-id=\"e34ce75\" data-element_type=\"widget\" data-widget_type=\"text-editor.default\">\n\t\t\t\t<div class=\"elementor-widget-container\">\n\t\t\t\t\t\t\t\t\t<p>Ofrecemos asesor\u00eda especializada para la integraci\u00f3n de soluciones digitales personalizadas que optimicen los procesos de negocio de nuestros clientes.<\/p>\t\t\t\t\t\t\t\t<\/div>\n\t\t\t\t<\/div>\n\t\t\t\t\t<\/div>\n\t\t\t\t<\/div>\n\t\t<div class=\"elementor-element elementor-element-88172ff e-flex e-con-boxed e-con e-parent\" data-id=\"88172ff\" data-element_type=\"container\">\n\t\t\t\t\t<div class=\"e-con-inner\">\n\t\t\t\t<div class=\"elementor-element elementor-element-1f2a52f elementor-widget elementor-widget-heading\" data-id=\"1f2a52f\" data-element_type=\"widget\" data-widget_type=\"heading.default\">\n\t\t\t\t<div class=\"elementor-widget-container\">\n\t\t\t\t\t<h2 class=\"elementor-heading-title elementor-size-default\"><span style=\"font-family: Poppins, sans-serif;font-size: 22px;text-align: center;text-transform: capitalize\">Desarrollo de Aplicaciones Inform\u00e1ticas<\/span><span style=\"font-family: Poppins, sans-serif;font-size: 22px;text-align: center;text-transform: capitalize\"><\/span><\/h2>\t\t\t\t<\/div>\n\t\t\t\t<\/div>\n\t\t\t\t<div class=\"elementor-element elementor-element-3494726 elementor-widget elementor-widget-text-editor\" data-id=\"3494726\" data-element_type=\"widget\" data-widget_type=\"text-editor.default\">\n\t\t\t\t<div class=\"elementor-widget-container\">\n\t\t\t\t\t\t\t\t\t<p>Creamos aplicaciones intuitivas que optimizan la interacci\u00f3n entre usuarios y productos, mejorando la experiencia de compra y venta.<\/p>\t\t\t\t\t\t\t\t<\/div>\n\t\t\t\t<\/div>\n\t\t\t\t\t<\/div>\n\t\t\t\t<\/div>\n\t\t<div class=\"elementor-element elementor-element-f85efb1 e-flex e-con-boxed e-con e-parent\" data-id=\"f85efb1\" data-element_type=\"container\">\n\t\t\t\t\t<div class=\"e-con-inner\">\n\t\t\t\t<div class=\"elementor-element elementor-element-0d31d4e elementor-widget elementor-widget-heading\" data-id=\"0d31d4e\" data-element_type=\"widget\" data-widget_type=\"heading.default\">\n\t\t\t\t<div class=\"elementor-widget-container\">\n\t\t\t\t\t<h2 class=\"elementor-heading-title elementor-size-default\"><span style=\"font-family: Poppins, sans-serif;font-size: 22px;text-align: center;text-transform: capitalize\">Consultor\u00eda Tecnol\u00f3gica<\/span><span style=\"font-family: Poppins, sans-serif;font-size: 22px;text-align: center;text-transform: capitalize\"><\/span><\/h2>\t\t\t\t<\/div>\n\t\t\t\t<\/div>\n\t\t\t\t<div class=\"elementor-element elementor-element-9fa315a elementor-widget elementor-widget-text-editor\" data-id=\"9fa315a\" data-element_type=\"widget\" data-widget_type=\"text-editor.default\">\n\t\t\t\t<div class=\"elementor-widget-container\">\n\t\t\t\t\t\t\t\t\t<p>Lorem ipsum dolor sit amet, consectetur adipiscing elit. Ut elit tellus, luctus nec ullamcorper mattis, pulvinar dapibus leo.<\/p>\t\t\t\t\t\t\t\t<\/div>\n\t\t\t\t<\/div>\n\t\t\t\t\t<\/div>\n\t\t\t\t<\/div>\n\t\t<div class=\"elementor-element elementor-element-0b2bde0 e-flex e-con-boxed e-con e-parent\" data-id=\"0b2bde0\" data-element_type=\"container\">\n\t\t\t\t\t<div class=\"e-con-inner\">\n\t\t\t\t<div class=\"elementor-element elementor-element-8b9aee7 elementor-widget elementor-widget-heading\" data-id=\"8b9aee7\" data-element_type=\"widget\" data-widget_type=\"heading.default\">\n\t\t\t\t<div class=\"elementor-widget-container\">\n\t\t\t\t\t<h2 class=\"elementor-heading-title elementor-size-default\"><span style=\"font-family: Poppins, sans-serif;font-size: 22px;text-align: center;text-transform: capitalize\">Capacitaci\u00f3n en Habilidades Digitales<\/span><span style=\"font-family: Poppins, sans-serif;font-size: 22px;text-align: center;text-transform: capitalize\"><\/span><\/h2>\t\t\t\t<\/div>\n\t\t\t\t<\/div>\n\t\t\t\t<div class=\"elementor-element elementor-element-0cc1564 elementor-widget elementor-widget-text-editor\" data-id=\"0cc1564\" data-element_type=\"widget\" data-widget_type=\"text-editor.default\">\n\t\t\t\t<div class=\"elementor-widget-container\">\n\t\t\t\t\t\t\t\t\t<p>Brindamos talleres y cursos dise\u00f1ados para fortalecer las competencias digitales de los usuarios, ayud\u00e1ndolos a adaptarse a un mercado en constante evoluci\u00f3n.<\/p>\t\t\t\t\t\t\t\t<\/div>\n\t\t\t\t<\/div>\n\t\t\t\t\t<\/div>\n\t\t\t\t<\/div>\n\t\t<div class=\"elementor-element elementor-element-6a9b437b e-flex e-con-boxed e-con e-parent\" data-id=\"6a9b437b\" data-element_type=\"container\">\n\t\t\t\t\t<div class=\"e-con-inner\">\n\t\t<div class=\"elementor-element elementor-element-14d451f9 e-con-full e-flex e-con e-child\" data-id=\"14d451f9\" data-element_type=\"container\">\n\t\t\t\t<div class=\"elementor-element elementor-element-89927df elementor-widget elementor-widget-heading\" data-id=\"89927df\" data-element_type=\"widget\" data-widget_type=\"heading.default\">\n\t\t\t\t<div class=\"elementor-widget-container\">\n\t\t\t\t\t<h2 class=\"elementor-heading-title elementor-size-default\">Por qu\u00e9 elegirnos<\/h2>\t\t\t\t<\/div>\n\t\t\t\t<\/div>\n\t\t\t\t<div class=\"elementor-element elementor-element-4e8c6cfe elementor-blockquote--skin-clean elementor-widget__width-inherit elementor-blockquote--button-color-official elementor-widget elementor-widget-blockquote\" data-id=\"4e8c6cfe\" data-element_type=\"widget\" data-widget_type=\"blockquote.default\">\n\t\t\t\t<div class=\"elementor-widget-container\">\n\t\t\t\t\t\t\t<blockquote class=\"elementor-blockquote\">\n\t\t\t<p class=\"elementor-blockquote__content\">\n\t\t\t\tInnovaci\u00f3n Permanente.<br><br>\nMantenemos nuestras plataformas en constante evoluci\u00f3n para garantizar el \nacceso a las tecnolog\u00edas m\u00e1s avanzadas del mercado.\t\t\t<\/p>\n\t\t\t\t\t<\/blockquote>\n\t\t\t\t\t\t<\/div>\n\t\t\t\t<\/div>\n\t\t\t\t<\/div>\n\t\t<div class=\"elementor-element elementor-element-4de3c3c0 e-con-full e-flex e-con e-child\" data-id=\"4de3c3c0\" data-element_type=\"container\">\n\t\t\t\t<div class=\"elementor-element elementor-element-77c0c73d elementor-widget elementor-widget-image\" data-id=\"77c0c73d\" data-element_type=\"widget\" data-widget_type=\"image.default\">\n\t\t\t\t<div class=\"elementor-widget-container\">\n\t\t\t\t\t\t\t\t\t\t\t\t\t\t\t<img decoding=\"async\" width=\"800\" height=\"800\" src=\"https:\/\/skateandtech.com\/wp-content\/uploads\/2025\/03\/800x800-2.jpg\" class=\"attachment-large size-large wp-image-43\" alt=\"\" srcset=\"https:\/\/skateandtech.com\/wp-content\/uploads\/2025\/03\/800x800-2.jpg 800w, https:\/\/skateandtech.com\/wp-content\/uploads\/2025\/03\/800x800-2-300x300.jpg 300w, https:\/\/skateandtech.com\/wp-content\/uploads\/2025\/03\/800x800-2-150x150.jpg 150w, https:\/\/skateandtech.com\/wp-content\/uploads\/2025\/03\/800x800-2-768x768.jpg 768w\" sizes=\"(max-width: 800px) 100vw, 800px\" \/>\t\t\t\t\t\t\t\t\t\t\t\t\t\t\t<\/div>\n\t\t\t\t<\/div>\n\t\t\t\t<\/div>\n\t\t\t\t\t<\/div>\n\t\t\t\t<\/div>\n\t\t<div class=\"elementor-element elementor-element-6925ccff e-flex e-con-boxed e-con e-parent\" data-id=\"6925ccff\" data-element_type=\"container\" data-settings=\"{&quot;background_background&quot;:&quot;classic&quot;}\">\n\t\t\t\t\t<div class=\"e-con-inner\">\n\t\t<div class=\"elementor-element elementor-element-1b603e89 e-flex e-con-boxed e-con e-child\" data-id=\"1b603e89\" data-element_type=\"container\">\n\t\t\t\t\t<div class=\"e-con-inner\">\n\t\t\t\t<div class=\"elementor-element elementor-element-2aeefbb7 elementor-widget elementor-widget-heading\" data-id=\"2aeefbb7\" data-element_type=\"widget\" data-widget_type=\"heading.default\">\n\t\t\t\t<div class=\"elementor-widget-container\">\n\t\t\t\t\t<h2 class=\"elementor-heading-title elementor-size-default\">Opiniones de nuestros clientes<span style=\"letter-spacing: 0px\"><\/span><\/h2>\t\t\t\t<\/div>\n\t\t\t\t<\/div>\n\t\t\t\t\t<\/div>\n\t\t\t\t<\/div>\n\t\t\t\t\t<\/div>\n\t\t\t\t<\/div>\n\t\t<div class=\"elementor-element elementor-element-037ee5a e-grid e-con-boxed e-con e-parent\" data-id=\"037ee5a\" data-element_type=\"container\">\n\t\t\t\t\t<div class=\"e-con-inner\">\n\t\t\t\t<div class=\"elementor-element elementor-element-3d93f6d elementor-widget elementor-widget-text-editor\" data-id=\"3d93f6d\" data-element_type=\"widget\" data-widget_type=\"text-editor.default\">\n\t\t\t\t<div class=\"elementor-widget-container\">\n\t\t\t\t\t\t\t\t\t<p>&#8220;Digital Skate &amp; Tech Skills ha transformado por completo la manera en que gestionamos nuestras ventas en l\u00ednea. Su plataforma es intuitiva y el soporte t\u00e9cnico es excepcional.&#8221;<\/p><p><br \/>\u2014 Alejandro R., emprendedor digital<\/p>\t\t\t\t\t\t\t\t<\/div>\n\t\t\t\t<\/div>\n\t\t\t\t<div class=\"elementor-element elementor-element-ed2d351 elementor-widget elementor-widget-text-editor\" data-id=\"ed2d351\" data-element_type=\"widget\" data-widget_type=\"text-editor.default\">\n\t\t\t\t<div class=\"elementor-widget-container\">\n\t\t\t\t\t\t\t\t\t<p>&#8220;Gracias a su servicio de consultor\u00eda, optimizamos nuestros procesos tecnol\u00f3gicos y aumentamos la eficiencia de nuestro negocio. 100% recomendados.&#8221;<\/p><p><br \/>\u2014 Mariana G., gerente de operaciones<\/p>\t\t\t\t\t\t\t\t<\/div>\n\t\t\t\t<\/div>\n\t\t\t\t<div class=\"elementor-element elementor-element-1967b9b elementor-widget elementor-widget-text-editor\" data-id=\"1967b9b\" data-element_type=\"widget\" data-widget_type=\"text-editor.default\">\n\t\t\t\t<div class=\"elementor-widget-container\">\n\t\t\t\t\t\t\t\t\t<p>&#8220;La capacitaci\u00f3n en habilidades digitales me ayud\u00f3 a expandir mi negocio en l\u00ednea. Aprend\u00ed a aprovechar la tecnolog\u00eda para mejorar mis ventas y presencia digital.&#8221;<\/p><p><br \/>\u2014 Luis M., due\u00f1o de tienda en l\u00ednea<\/p>\t\t\t\t\t\t\t\t<\/div>\n\t\t\t\t<\/div>\n\t\t\t\t\t<\/div>\n\t\t\t\t<\/div>\n\t\t\t\t<\/div>\n\t\t","protected":false},"excerpt":{"rendered":"<p>Sobre nosotros En Digital Skate &amp; Tech Skills, nos especializamos en ofrecer plataformas tecnol\u00f3gicas de intermediaci\u00f3n para la compra y venta de bienes y servicios en l\u00ednea. A trav\u00e9s de nuestras soluciones digitales, facilitamos transacciones seguras, \u00e1giles y accesibles, permitiendo a los usuarios comercializar con confianza en un entorno optimizado por la tecnolog\u00eda. Nuestros Servicios [&hellip;]<\/p>\n","protected":false},"author":2,"featured_media":0,"parent":0,"menu_order":0,"comment_status":"closed","ping_status":"closed","template":"","meta":{"footnotes":""},"class_list":["post-9","page","type-page","status-publish","hentry"],"_links":{"self":[{"href":"https:\/\/skateandtech.com\/index.php\/wp-json\/wp\/v2\/pages\/9","targetHints":{"allow":["GET"]}}],"collection":[{"href":"https:\/\/skateandtech.com\/index.php\/wp-json\/wp\/v2\/pages"}],"about":[{"href":"https:\/\/skateandtech.com\/index.php\/wp-json\/wp\/v2\/types\/page"}],"author":[{"embeddable":true,"href":"https:\/\/skateandtech.com\/index.php\/wp-json\/wp\/v2\/users\/2"}],"replies":[{"embeddable":true,"href":"https:\/\/skateandtech.com\/index.php\/wp-json\/wp\/v2\/comments?post=9"}],"version-history":[{"count":25,"href":"https:\/\/skateandtech.com\/index.php\/wp-json\/wp\/v2\/pages\/9\/revisions"}],"predecessor-version":[{"id":79,"href":"https:\/\/skateandtech.com\/index.php\/wp-json\/wp\/v2\/pages\/9\/revisions\/79"}],"wp:attachment":[{"href":"https:\/\/skateandtech.com\/index.php\/wp-json\/wp\/v2\/media?parent=9"}],"curies":[{"name":"wp","href":"https:\/\/api.w.org\/{rel}","templated":true}]}}